{"id":2449,"date":"2017-03-31T05:36:25","date_gmt":"2017-03-31T05:36:25","guid":{"rendered":"http:\/\/testingmodal.rama.sharkz.in\/?page_id=2449"},"modified":"2023-11-21T14:34:06","modified_gmt":"2023-11-21T14:34:06","slug":"contacte","status":"publish","type":"page","link":"https:\/\/www.modllavaneres.com\/index.php\/contacte\/","title":{"rendered":"Contacte"},"content":{"rendered":"\t\t<div data-elementor-type=\"wp-post\" data-elementor-id=\"2449\" class=\"elementor elementor-2449\" data-elementor-post-type=\"page\">\n\t\t\t\t\t\t<section class=\"elementor-section elementor-top-section elementor-element elementor-element-tzchboy elementor-section-boxed elementor-section-height-default elementor-section-height-default\" data-id=\"tzchboy\" data-element_type=\"section\" data-e-type=\"section\" data-settings=\"{&quot;background_background&quot;:&quot;classic&quot;}\">\n\t\t\t\t\t\t\t<div class=\"elementor-background-overlay\"><\/div>\n\t\t\t\t\t\t\t<div class=\"elementor-container elementor-column-gap-default\">\n\t\t\t\t\t<div class=\"elementor-column elementor-col-100 elementor-top-column elementor-element elementor-element-oynxmkk\" data-id=\"oynxmkk\" data-element_type=\"column\" data-e-type=\"column\">\n\t\t\t<div class=\"elementor-widget-wrap elementor-element-populated\">\n\t\t\t\t\t\t<div class=\"elementor-element elementor-element-vklcphr elementor-widget elementor-widget-heading\" data-id=\"vklcphr\" data-element_type=\"widget\" data-e-type=\"widget\" data-widget_type=\"heading.default\">\n\t\t\t\t<div class=\"elementor-widget-container\">\n\t\t\t\t\t<h4 class=\"elementor-heading-title elementor-size-default\">Necessites un tall express o potser fer un canvi d'estil?  Color,  Metxes, Tractament capilar? o igual tens previst un casament? Si \u00e9s el teu, Enhorabona! Estem aqu\u00ed pel que necessitis!<\/h4>\t\t\t\t<\/div>\n\t\t\t\t<\/div>\n\t\t\t\t<div class=\"elementor-element elementor-element-zqwrmuk elementor-widget elementor-widget-heading\" data-id=\"zqwrmuk\" data-element_type=\"widget\" data-e-type=\"widget\" data-widget_type=\"heading.default\">\n\t\t\t\t<div class=\"elementor-widget-container\">\n\t\t\t\t\t<h1 class=\"elementor-heading-title elementor-size-default\">A mod t'assegurem que tindr\u00e0s el millor servei. Sortir\u00e0s perfecte!\n<\/h1>\t\t\t\t<\/div>\n\t\t\t\t<\/div>\n\t\t\t\t\t<\/div>\n\t\t<\/div>\n\t\t\t\t\t<\/div>\n\t\t<\/section>\n\t\t\t\t<section class=\"elementor-section elementor-top-section elementor-element elementor-element-zuwpcuu elementor-section-boxed elementor-section-height-default elementor-section-height-default\" data-id=\"zuwpcuu\" data-element_type=\"section\" data-e-type=\"section\">\n\t\t\t\t\t\t<div class=\"elementor-container elementor-column-gap-default\">\n\t\t\t\t\t<div class=\"elementor-column elementor-col-100 elementor-top-column elementor-element elementor-element-iyjwmsa\" data-id=\"iyjwmsa\" data-element_type=\"column\" data-e-type=\"column\">\n\t\t\t<div class=\"elementor-widget-wrap elementor-element-populated\">\n\t\t\t\t\t\t<section class=\"elementor-section elementor-inner-section elementor-element elementor-element-yciddgq elementor-section-content-middle elementor-section-boxed elementor-section-height-default elementor-section-height-default\" data-id=\"yciddgq\" data-element_type=\"section\" data-e-type=\"section\">\n\t\t\t\t\t\t<div class=\"elementor-container elementor-column-gap-default\">\n\t\t\t\t\t<div class=\"elementor-column elementor-col-50 elementor-inner-column elementor-element elementor-element-qlttaps\" data-id=\"qlttaps\" data-element_type=\"column\" data-e-type=\"column\" data-settings=\"{&quot;background_background&quot;:&quot;classic&quot;}\">\n\t\t\t<div class=\"elementor-widget-wrap elementor-element-populated\">\n\t\t\t\t\t\t<div class=\"elementor-element elementor-element-d5abbc8 elementor-widget elementor-widget-html\" data-id=\"d5abbc8\" data-element_type=\"widget\" data-e-type=\"widget\" data-widget_type=\"html.default\">\n\t\t\t\t<div class=\"elementor-widget-container\">\n\t\t\t\t\t<iframe src=\"https:\/\/www.google.com\/maps\/embed?pb=!1m18!1m12!1m3!1d2984.8061082400654!2d2.4794244154316085!3d41.573440779247484!2m3!1f0!2f0!3f0!3m2!1i1024!2i768!4f13.1!3m3!1m2!1s0x12bb4a9fc0df8d33%3A0xe490f3266ba96993!2sCarrer%20Munt%2C%2038%2C%2008392%20Sant%20Andreu%20de%20Llavaneres%2C%20Barcelona!5e0!3m2!1sen!2ses!4v1606564646672!5m2!1sen!2ses\" width=\"600\" height=\"350\" frameborder=\"0\" style=\"border:0;\" allowfullscreen=\"\" aria-hidden=\"false\" tabindex=\"0\"><\/iframe>\t\t\t\t<\/div>\n\t\t\t\t<\/div>\n\t\t\t\t\t<\/div>\n\t\t<\/div>\n\t\t\t\t<div class=\"elementor-column elementor-col-50 elementor-inner-column elementor-element elementor-element-mdsgmyh\" data-id=\"mdsgmyh\" data-element_type=\"column\" data-e-type=\"column\" id=\"enquiry\">\n\t\t\t<div class=\"elementor-widget-wrap elementor-element-populated\">\n\t\t\t\t\t\t<div class=\"elementor-element elementor-element-a22a9cc elementor-widget elementor-widget-image-box\" data-id=\"a22a9cc\" data-element_type=\"widget\" data-e-type=\"widget\" data-widget_type=\"image-box.default\">\n\t\t\t\t<div class=\"elementor-widget-container\">\n\t\t\t\t\t<div class=\"elementor-image-box-wrapper\"><div class=\"elementor-image-box-content\"><h2 class=\"elementor-image-box-title\">Omple el formulari per poder donar-te cita!<\/h2><p class=\"elementor-image-box-description\">o be si ho prefereixes utilitza la opci\u00f3 de WhatsApp!<\/p><\/div><\/div>\t\t\t\t<\/div>\n\t\t\t\t<\/div>\n\t\t\t\t<div class=\"elementor-element elementor-element-c679ea4 elementor-button-align-stretch elementor-widget elementor-widget-form\" data-id=\"c679ea4\" data-element_type=\"widget\" data-e-type=\"widget\" data-settings=\"{&quot;step_next_label&quot;:&quot;Next&quot;,&quot;step_previous_label&quot;:&quot;Previous&quot;,&quot;button_width&quot;:&quot;100&quot;,&quot;step_type&quot;:&quot;number_text&quot;,&quot;step_icon_shape&quot;:&quot;circle&quot;}\" data-widget_type=\"form.default\">\n\t\t\t\t<div class=\"elementor-widget-container\">\n\t\t\t\t\t\t\t<form class=\"elementor-form\" method=\"post\" id=\"formulari_contacte\" name=\"Formulari_contacte\">\n\t\t\t<input type=\"hidden\" name=\"post_id\" value=\"2449\"\/>\n\t\t\t<input type=\"hidden\" name=\"form_id\" value=\"c679ea4\"\/>\n\t\t\t<input type=\"hidden\" name=\"referer_title\" value=\"Contacte - MOD LLAVANERES\" \/>\n\n\t\t\t\t\t\t\t<input type=\"hidden\" name=\"queried_id\" value=\"2449\"\/>\n\t\t\t\n\t\t\t<div class=\"elementor-form-fields-wrapper elementor-labels-\">\n\t\t\t\t\t\t\t\t<div class=\"elementor-field-type-text elementor-field-group elementor-column elementor-field-group-name elementor-col-50 elementor-sm-50 elementor-field-required\">\n\t\t\t\t\t\t\t\t\t\t\t\t<label for=\"form-field-name\" class=\"elementor-field-label elementor-screen-only\">\n\t\t\t\t\t\t\t\tNom Complert\t\t\t\t\t\t\t<\/label>\n\t\t\t\t\t\t\t\t\t\t\t\t\t\t<input size=\"1\" type=\"text\" name=\"form_fields[name]\" id=\"form-field-name\" class=\"elementor-field elementor-size-xs  elementor-field-textual\" placeholder=\"Nom Complert\" required=\"required\">\n\t\t\t\t\t\t\t\t\t\t\t<\/div>\n\t\t\t\t\t\t\t\t<div class=\"elementor-field-type-tel elementor-field-group elementor-column elementor-field-group-field_1 elementor-col-50 elementor-sm-50 elementor-field-required\">\n\t\t\t\t\t\t\t\t\t\t\t\t<label for=\"form-field-field_1\" class=\"elementor-field-label elementor-screen-only\">\n\t\t\t\t\t\t\t\tTel\u00e8fon de contacte\t\t\t\t\t\t\t<\/label>\n\t\t\t\t\t\t\t\t<input size=\"1\" type=\"tel\" name=\"form_fields[field_1]\" id=\"form-field-field_1\" class=\"elementor-field elementor-size-xs  elementor-field-textual\" placeholder=\"Tel\u00e8fon de contacte\" required=\"required\" pattern=\"[0-9()#&amp;+*-=.]+\" title=\"Only numbers and phone characters (#, -, *, etc) are accepted.\">\n\n\t\t\t\t\t\t<\/div>\n\t\t\t\t\t\t\t\t<div class=\"elementor-field-type-email elementor-field-group elementor-column elementor-field-group-email elementor-col-50 elementor-field-required\">\n\t\t\t\t\t\t\t\t\t\t\t\t<label for=\"form-field-email\" class=\"elementor-field-label elementor-screen-only\">\n\t\t\t\t\t\t\t\tEmail\t\t\t\t\t\t\t<\/label>\n\t\t\t\t\t\t\t\t\t\t\t\t\t\t<input size=\"1\" type=\"email\" name=\"form_fields[email]\" id=\"form-field-email\" class=\"elementor-field elementor-size-xs  elementor-field-textual\" placeholder=\"Email\" required=\"required\">\n\t\t\t\t\t\t\t\t\t\t\t<\/div>\n\t\t\t\t\t\t\t\t<div class=\"elementor-field-type-text\">\n\t\t\t\t\t<input size=\"1\" type=\"text\" name=\"form_fields[field_be8141f]\" id=\"form-field-field_be8141f\" class=\"elementor-field elementor-size-xs \" style=\"display:none !important;\">\t\t\t\t<\/div>\n\t\t\t\t\t\t\t\t<div class=\"elementor-field-type-date elementor-field-group elementor-column elementor-field-group-field_aa1e343 elementor-col-50 elementor-field-required\">\n\t\t\t\t\t\t\t\t\t\t\t\t<label for=\"form-field-field_aa1e343\" class=\"elementor-field-label elementor-screen-only\">\n\t\t\t\t\t\t\t\tDATA\t\t\t\t\t\t\t<\/label>\n\t\t\t\t\t\t\n\t\t<input type=\"date\" name=\"form_fields[field_aa1e343]\" id=\"form-field-field_aa1e343\" class=\"elementor-field elementor-size-xs  elementor-field-textual elementor-date-field elementor-use-native\" placeholder=\"Data\" required=\"required\" pattern=\"[0-9]{4}-[0-9]{2}-[0-9]{2}\" min=\"2023-11-21\" max=\"2025-01-31\">\n\t\t\t\t\t\t<\/div>\n\t\t\t\t\t\t\t\t<div class=\"elementor-field-type-textarea elementor-field-group elementor-column elementor-field-group-message elementor-col-100 elementor-field-required\">\n\t\t\t\t\t\t\t\t\t\t\t\t<label for=\"form-field-message\" class=\"elementor-field-label elementor-screen-only\">\n\t\t\t\t\t\t\t\tMissatge\t\t\t\t\t\t\t<\/label>\n\t\t\t\t\t\t<textarea class=\"elementor-field-textual elementor-field  elementor-size-xs\" name=\"form_fields[message]\" id=\"form-field-message\" rows=\"4\" placeholder=\"Descriu breument qu\u00e8 necessitaries.\" required=\"required\"><\/textarea>\t\t\t\t<\/div>\n\t\t\t\t\t\t\t\t<div class=\"elementor-field-type-text\">\n\t\t\t\t\t<input size=\"1\" type=\"text\" name=\"form_fields[field_a53bab2]\" id=\"form-field-field_a53bab2\" class=\"elementor-field elementor-size-xs \" style=\"display:none !important;\">\t\t\t\t<\/div>\n\t\t\t\t\t\t\t\t<div class=\"elementor-field-type-recaptcha_v3 elementor-field-group elementor-column elementor-field-group-field_d3fbe5d elementor-col-100 recaptcha_v3-inline\">\n\t\t\t\t\t<div class=\"elementor-field\" id=\"form-field-field_d3fbe5d\"><div class=\"elementor-g-recaptcha\" data-sitekey=\"6LcYxp0UAAAAAExEPRWU2LH8m_1KU1fO8Wqf0yi7\" data-type=\"v3\" data-action=\"Form\" data-badge=\"inline\" data-size=\"invisible\"><\/div><\/div>\t\t\t\t<\/div>\n\t\t\t\t\t\t\t\t<div class=\"elementor-field-group elementor-column elementor-field-type-submit elementor-col-100 e-form__buttons\">\n\t\t\t\t\t<button class=\"elementor-button elementor-size-sm\" type=\"submit\">\n\t\t\t\t\t\t<span class=\"elementor-button-content-wrapper\">\n\t\t\t\t\t\t\t\t\t\t\t\t\t\t\t\t\t\t\t\t\t\t<span class=\"elementor-button-text\">Enviar Solicitud!<\/span>\n\t\t\t\t\t\t\t\t\t\t\t\t\t<\/span>\n\t\t\t\t\t<\/button>\n\t\t\t\t<\/div>\n\t\t\t<\/div>\n\t\t<\/form>\n\t\t\t\t\t\t<\/div>\n\t\t\t\t<\/div>\n\t\t\t\t\t<\/div>\n\t\t<\/div>\n\t\t\t\t\t<\/div>\n\t\t<\/section>\n\t\t\t\t\t<\/div>\n\t\t<\/div>\n\t\t\t\t\t<\/div>\n\t\t<\/section>\n\t\t\t\t<\/div>\n\t\t","protected":false},"excerpt":{"rendered":"<p>Necessites un tall express o potser fer un canvi d&#8217;estil? Color, Metxes, Tractament capilar? o igual tens previst un casament? Si \u00e9s el teu, Enhorabona! Estem aqu\u00ed pel que necessitis! A mod t&#8217;assegurem que tindr\u00e0s el millor servei. Sortir\u00e0s perfecte! Demana la teva cita pr\u00e8via! Et facilitem el formulari per omplir les teves dades o [&hellip;]<\/p>\n","protected":false},"author":1,"featured_media":0,"parent":0,"menu_order":0,"comment_status":"closed","ping_status":"closed","template":"","meta":{"site-sidebar-layout":"no-sidebar","site-content-layout":"page-builder","ast-site-content-layout":"default","site-content-style":"default","site-sidebar-style":"default","ast-global-header-display":"","ast-banner-title-visibility":"","ast-main-header-display":"","ast-hfb-above-header-display":"","ast-hfb-below-header-display":"","ast-hfb-mobile-header-display":"","site-post-title":"disabled","ast-breadcrumbs-content":"","ast-featured-img":"disabled","footer-sml-layout":"","ast-disable-related-posts":"","theme-transparent-header-meta":"enabled","adv-header-id-meta":"","stick-header-meta":"","header-above-stick-meta":"","header-main-stick-meta":"","header-below-stick-meta":"","astra-migrate-meta-layouts":"default","ast-page-background-enabled":"default","ast-page-background-meta":{"desktop":{"background-color":"","background-image":"","background-repeat":"repeat","background-position":"center center","background-size":"auto","background-attachment":"scroll","background-type":"","background-media":"","overlay-type":"","overlay-color":"","overlay-opacity":"","overlay-gradient":""},"tablet":{"background-color":"","background-image":"","background-repeat":"repeat","background-position":"center center","background-size":"auto","background-attachment":"scroll","background-type":"","background-media":"","overlay-type":"","overlay-color":"","overlay-opacity":"","overlay-gradient":""},"mobile":{"background-color":"","background-image":"","background-repeat":"repeat","background-position":"center center","background-size":"auto","background-attachment":"scroll","background-type":"","background-media":"","overlay-type":"","overlay-color":"","overlay-opacity":"","overlay-gradient":""}},"ast-content-background-meta":{"desktop":{"background-color":"var(--ast-global-color-5)","background-image":"","background-repeat":"repeat","background-position":"center center","background-size":"auto","background-attachment":"scroll","background-type":"","background-media":"","overlay-type":"","overlay-color":"","overlay-opacity":"","overlay-gradient":""},"tablet":{"background-color":"var(--ast-global-color-5)","background-image":"","background-repeat":"repeat","background-position":"center center","background-size":"auto","background-attachment":"scroll","background-type":"","background-media":"","overlay-type":"","overlay-color":"","overlay-opacity":"","overlay-gradient":""},"mobile":{"background-color":"var(--ast-global-color-5)","background-image":"","background-repeat":"repeat","background-position":"center center","background-size":"auto","background-attachment":"scroll","background-type":"","background-media":"","overlay-type":"","overlay-color":"","overlay-opacity":"","overlay-gradient":""}},"footnotes":""},"class_list":["post-2449","page","type-page","status-publish","hentry"],"yoast_head":"<!-- This site is optimized with the Yoast SEO plugin v27.5 - https:\/\/yoast.com\/product\/yoast-seo-wordpress\/ -->\n<title>Contacte - MOD LLAVANERES<\/title>\n<meta name=\"robots\" content=\"index, follow, max-snippet:-1, max-image-preview:large, max-video-preview:-1\" \/>\n<link rel=\"canonical\" href=\"https:\/\/www.modllavaneres.com\/index.php\/contacte\/\" \/>\n<meta property=\"og:locale\" content=\"ca_ES\" \/>\n<meta property=\"og:type\" content=\"article\" \/>\n<meta property=\"og:title\" content=\"Contacte - MOD LLAVANERES\" \/>\n<meta property=\"og:description\" content=\"Necessites un tall express o potser fer un canvi d&#8217;estil? Color, Metxes, Tractament capilar? o igual tens previst un casament? Si \u00e9s el teu, Enhorabona! Estem aqu\u00ed pel que necessitis! A mod t&#8217;assegurem que tindr\u00e0s el millor servei. Sortir\u00e0s perfecte! Demana la teva cita pr\u00e8via! Et facilitem el formulari per omplir les teves dades o [&hellip;]\" \/>\n<meta property=\"og:url\" content=\"https:\/\/www.modllavaneres.com\/index.php\/contacte\/\" \/>\n<meta property=\"og:site_name\" content=\"MOD LLAVANERES\" \/>\n<meta property=\"article:modified_time\" content=\"2023-11-21T14:34:06+00:00\" \/>\n<meta name=\"twitter:card\" content=\"summary_large_image\" \/>\n<meta name=\"twitter:label1\" content=\"Temps estimat de lectura\" \/>\n\t<meta name=\"twitter:data1\" content=\"1 minut\" \/>\n<script type=\"application\/ld+json\" class=\"yoast-schema-graph\">{\"@context\":\"https:\\\/\\\/schema.org\",\"@graph\":[{\"@type\":\"WebPage\",\"@id\":\"https:\\\/\\\/www.modllavaneres.com\\\/index.php\\\/contacte\\\/\",\"url\":\"https:\\\/\\\/www.modllavaneres.com\\\/index.php\\\/contacte\\\/\",\"name\":\"Contacte - MOD LLAVANERES\",\"isPartOf\":{\"@id\":\"https:\\\/\\\/www.modllavaneres.com\\\/#website\"},\"datePublished\":\"2017-03-31T05:36:25+00:00\",\"dateModified\":\"2023-11-21T14:34:06+00:00\",\"breadcrumb\":{\"@id\":\"https:\\\/\\\/www.modllavaneres.com\\\/index.php\\\/contacte\\\/#breadcrumb\"},\"inLanguage\":\"ca\",\"potentialAction\":[{\"@type\":\"ReadAction\",\"target\":[\"https:\\\/\\\/www.modllavaneres.com\\\/index.php\\\/contacte\\\/\"]}]},{\"@type\":\"BreadcrumbList\",\"@id\":\"https:\\\/\\\/www.modllavaneres.com\\\/index.php\\\/contacte\\\/#breadcrumb\",\"itemListElement\":[{\"@type\":\"ListItem\",\"position\":1,\"name\":\"Home\",\"item\":\"https:\\\/\\\/www.modllavaneres.com\\\/\"},{\"@type\":\"ListItem\",\"position\":2,\"name\":\"Contacte\"}]},{\"@type\":\"WebSite\",\"@id\":\"https:\\\/\\\/www.modllavaneres.com\\\/#website\",\"url\":\"https:\\\/\\\/www.modllavaneres.com\\\/\",\"name\":\"MOD LLAVANERES\",\"description\":\"PERRUQUERIA NATURAL\",\"publisher\":{\"@id\":\"https:\\\/\\\/www.modllavaneres.com\\\/#organization\"},\"potentialAction\":[{\"@type\":\"SearchAction\",\"target\":{\"@type\":\"EntryPoint\",\"urlTemplate\":\"https:\\\/\\\/www.modllavaneres.com\\\/?s={search_term_string}\"},\"query-input\":{\"@type\":\"PropertyValueSpecification\",\"valueRequired\":true,\"valueName\":\"search_term_string\"}}],\"inLanguage\":\"ca\"},{\"@type\":\"Organization\",\"@id\":\"https:\\\/\\\/www.modllavaneres.com\\\/#organization\",\"name\":\"MOD LLAVANERES\",\"url\":\"https:\\\/\\\/www.modllavaneres.com\\\/\",\"logo\":{\"@type\":\"ImageObject\",\"inLanguage\":\"ca\",\"@id\":\"https:\\\/\\\/www.modllavaneres.com\\\/#\\\/schema\\\/logo\\\/image\\\/\",\"url\":\"https:\\\/\\\/www.modllavaneres.com\\\/wp-content\\\/uploads\\\/2020\\\/05\\\/logoMOD_OK_Black.webp\",\"contentUrl\":\"https:\\\/\\\/www.modllavaneres.com\\\/wp-content\\\/uploads\\\/2020\\\/05\\\/logoMOD_OK_Black.webp\",\"width\":400,\"height\":210,\"caption\":\"MOD LLAVANERES\"},\"image\":{\"@id\":\"https:\\\/\\\/www.modllavaneres.com\\\/#\\\/schema\\\/logo\\\/image\\\/\"}}]}<\/script>\n<!-- \/ Yoast SEO plugin. -->","yoast_head_json":{"title":"Contacte - MOD LLAVANERES","robots":{"index":"index","follow":"follow","max-snippet":"max-snippet:-1","max-image-preview":"max-image-preview:large","max-video-preview":"max-video-preview:-1"},"canonical":"https:\/\/www.modllavaneres.com\/index.php\/contacte\/","og_locale":"ca_ES","og_type":"article","og_title":"Contacte - MOD LLAVANERES","og_description":"Necessites un tall express o potser fer un canvi d&#8217;estil? Color, Metxes, Tractament capilar? o igual tens previst un casament? Si \u00e9s el teu, Enhorabona! Estem aqu\u00ed pel que necessitis! A mod t&#8217;assegurem que tindr\u00e0s el millor servei. Sortir\u00e0s perfecte! Demana la teva cita pr\u00e8via! Et facilitem el formulari per omplir les teves dades o [&hellip;]","og_url":"https:\/\/www.modllavaneres.com\/index.php\/contacte\/","og_site_name":"MOD LLAVANERES","article_modified_time":"2023-11-21T14:34:06+00:00","twitter_card":"summary_large_image","twitter_misc":{"Temps estimat de lectura":"1 minut"},"schema":{"@context":"https:\/\/schema.org","@graph":[{"@type":"WebPage","@id":"https:\/\/www.modllavaneres.com\/index.php\/contacte\/","url":"https:\/\/www.modllavaneres.com\/index.php\/contacte\/","name":"Contacte - MOD LLAVANERES","isPartOf":{"@id":"https:\/\/www.modllavaneres.com\/#website"},"datePublished":"2017-03-31T05:36:25+00:00","dateModified":"2023-11-21T14:34:06+00:00","breadcrumb":{"@id":"https:\/\/www.modllavaneres.com\/index.php\/contacte\/#breadcrumb"},"inLanguage":"ca","potentialAction":[{"@type":"ReadAction","target":["https:\/\/www.modllavaneres.com\/index.php\/contacte\/"]}]},{"@type":"BreadcrumbList","@id":"https:\/\/www.modllavaneres.com\/index.php\/contacte\/#breadcrumb","itemListElement":[{"@type":"ListItem","position":1,"name":"Home","item":"https:\/\/www.modllavaneres.com\/"},{"@type":"ListItem","position":2,"name":"Contacte"}]},{"@type":"WebSite","@id":"https:\/\/www.modllavaneres.com\/#website","url":"https:\/\/www.modllavaneres.com\/","name":"MOD LLAVANERES","description":"PERRUQUERIA NATURAL","publisher":{"@id":"https:\/\/www.modllavaneres.com\/#organization"},"potentialAction":[{"@type":"SearchAction","target":{"@type":"EntryPoint","urlTemplate":"https:\/\/www.modllavaneres.com\/?s={search_term_string}"},"query-input":{"@type":"PropertyValueSpecification","valueRequired":true,"valueName":"search_term_string"}}],"inLanguage":"ca"},{"@type":"Organization","@id":"https:\/\/www.modllavaneres.com\/#organization","name":"MOD LLAVANERES","url":"https:\/\/www.modllavaneres.com\/","logo":{"@type":"ImageObject","inLanguage":"ca","@id":"https:\/\/www.modllavaneres.com\/#\/schema\/logo\/image\/","url":"https:\/\/www.modllavaneres.com\/wp-content\/uploads\/2020\/05\/logoMOD_OK_Black.webp","contentUrl":"https:\/\/www.modllavaneres.com\/wp-content\/uploads\/2020\/05\/logoMOD_OK_Black.webp","width":400,"height":210,"caption":"MOD LLAVANERES"},"image":{"@id":"https:\/\/www.modllavaneres.com\/#\/schema\/logo\/image\/"}}]}},"_links":{"self":[{"href":"https:\/\/www.modllavaneres.com\/index.php\/wp-json\/wp\/v2\/pages\/2449","targetHints":{"allow":["GET"]}}],"collection":[{"href":"https:\/\/www.modllavaneres.com\/index.php\/wp-json\/wp\/v2\/pages"}],"about":[{"href":"https:\/\/www.modllavaneres.com\/index.php\/wp-json\/wp\/v2\/types\/page"}],"author":[{"embeddable":true,"href":"https:\/\/www.modllavaneres.com\/index.php\/wp-json\/wp\/v2\/users\/1"}],"replies":[{"embeddable":true,"href":"https:\/\/www.modllavaneres.com\/index.php\/wp-json\/wp\/v2\/comments?post=2449"}],"version-history":[{"count":77,"href":"https:\/\/www.modllavaneres.com\/index.php\/wp-json\/wp\/v2\/pages\/2449\/revisions"}],"predecessor-version":[{"id":4462,"href":"https:\/\/www.modllavaneres.com\/index.php\/wp-json\/wp\/v2\/pages\/2449\/revisions\/4462"}],"wp:attachment":[{"href":"https:\/\/www.modllavaneres.com\/index.php\/wp-json\/wp\/v2\/media?parent=2449"}],"curies":[{"name":"wp","href":"https:\/\/api.w.org\/{rel}","templated":true}]}}